{"id":1994,"date":"2021-07-23T11:57:44","date_gmt":"2021-07-23T09:57:44","guid":{"rendered":"http:\/\/francoisehug.com\/wp\/?page_id=1994"},"modified":"2021-07-23T12:00:25","modified_gmt":"2021-07-23T10:00:25","slug":"pilates-bon-pasteur-mardi","status":"publish","type":"page","link":"http:\/\/francoisehug.com\/wp\/pilates-bon-pasteur-mardi\/","title":{"rendered":"Pilates Bon Pasteur mardi"},"content":{"rendered":"<h4>D\u00e9tails de l&#8217;\u00e9v\u00e9nement<\/h4>\n<h4>Cours les mardis de 12h15 \u00e0 13h15<\/h4>\n<p>Les exercices de Pilates d\u00e9veloppent des muscles abdominaux profonds ainsi que les muscles les plus proches de la colonne vert\u00e9brale.<\/p>\n<p>Le Pilates allonge et renforce, am\u00e9liorant l\u2019\u00e9lasticit\u00e9 des muscles et la mobilit\u00e9. Un corps fort et flexible sera moins enclin aux blessures.<\/p>\n<p>En r\u00e8gle g\u00e9n\u00e9rale, nos muscles forts ont tendance \u00e0 devenir plus forts et les muscles faibles \u00e0 devenir plus faibles, le r\u00e9sultat est le d\u00e9s\u00e9quilibre musculaire, c\u2019est la cause principale de blessures et de mal de dos chronique.<\/p>\n<p>Le pilates va reconditionner votre corps tout entier, vos pieds, vos chevilles, vos cuisses, vos abdominaux profonds, votre dos, vous aidant ainsi \u00e0 aimer les activit\u00e9s quotidiennes et le sport en g\u00e9n\u00e9ral.<\/p>\n<p><iframe style=\"border: 0;\" src=\"https:\/\/www.google.com\/maps\/embed?pb=!1m18!1m12!1m3!1d2639.13164449464!2d7.776861565432731!3d48.58817817926192!2m3!1f0!2f0!3f0!3m2!1i1024!2i768!4f13.1!3m3!1m2!1s0x4796c8ef37b2678d%3A0x729981791c7b7af5!2sSalle%20Polyvalente%20Du%20Bon%20Pasteur!5e0!3m2!1sfr!2sch!4v1626975660189!5m2!1sfr!2sch\" width=\"600\" height=\"450\" allowfullscreen=\"allowfullscreen\"><\/iframe><\/p>\n","protected":false},"excerpt":{"rendered":"<p>D\u00e9tails de l&#8217;\u00e9v\u00e9nement Cours les mardis de 12h15 \u00e0 13h15 Les exercices de Pilates d\u00e9veloppent des muscles abdominaux profonds ainsi que les muscles les plus proches de la colonne vert\u00e9brale. Le Pilates allonge et renforce, am\u00e9liorant l\u2019\u00e9lasticit\u00e9 des muscles et la mobilit\u00e9. Un corps fort et flexible sera moins enclin aux blessures. En r\u00e8gle g\u00e9n\u00e9rale, [&hellip;]<\/p>\n","protected":false},"author":1,"featured_media":0,"parent":0,"menu_order":0,"comment_status":"closed","ping_status":"closed","template":"","meta":{"_links_to":"","_links_to_target":""},"_links":{"self":[{"href":"http:\/\/francoisehug.com\/wp\/wp-json\/wp\/v2\/pages\/1994"}],"collection":[{"href":"http:\/\/francoisehug.com\/wp\/wp-json\/wp\/v2\/pages"}],"about":[{"href":"http:\/\/francoisehug.com\/wp\/wp-json\/wp\/v2\/types\/page"}],"author":[{"embeddable":true,"href":"http:\/\/francoisehug.com\/wp\/wp-json\/wp\/v2\/users\/1"}],"replies":[{"embeddable":true,"href":"http:\/\/francoisehug.com\/wp\/wp-json\/wp\/v2\/comments?post=1994"}],"version-history":[{"count":1,"href":"http:\/\/francoisehug.com\/wp\/wp-json\/wp\/v2\/pages\/1994\/revisions"}],"predecessor-version":[{"id":1995,"href":"http:\/\/francoisehug.com\/wp\/wp-json\/wp\/v2\/pages\/1994\/revisions\/1995"}],"wp:attachment":[{"href":"http:\/\/francoisehug.com\/wp\/wp-json\/wp\/v2\/media?parent=1994"}],"curies":[{"name":"wp","href":"https:\/\/api.w.org\/{rel}","templated":true}]}}