{"id":27,"date":"2017-03-27T14:25:51","date_gmt":"2017-03-27T12:25:51","guid":{"rendered":"http:\/\/francoisehug.com\/wp\/?page_id=27"},"modified":"2025-09-22T15:36:33","modified_gmt":"2025-09-22T13:36:33","slug":"contact-inscriptions","status":"publish","type":"page","link":"http:\/\/francoisehug.com\/wp\/contact-inscriptions\/","title":{"rendered":"Contact"},"content":{"rendered":"<p>Pour ne pas \u00eatre d\u00e9rang\u00e9e pendant mes cours je vous remercie d&#8217;avance de me contacter par l&#8217;adresse email ci-dessous :<\/p>\n<h3 style=\"text-align: left; padding-left: 40px;\"><a href=\"mailto:francoise.hug@hotmail.fr\">Fran\u00e7oise Hug : francoise.hug@hotmail.fr<\/a><\/h3>\n","protected":false},"excerpt":{"rendered":"<p>Pour ne pas \u00eatre d\u00e9rang\u00e9e pendant mes cours je vous remercie d&#8217;avance de me contacter par l&#8217;adresse email ci-dessous : Fran\u00e7oise Hug : francoise.hug@hotmail.fr<\/p>\n","protected":false},"author":1,"featured_media":595,"parent":0,"menu_order":0,"comment_status":"closed","ping_status":"closed","template":"","meta":{"_links_to":"","_links_to_target":""},"_links":{"self":[{"href":"http:\/\/francoisehug.com\/wp\/wp-json\/wp\/v2\/pages\/27"}],"collection":[{"href":"http:\/\/francoisehug.com\/wp\/wp-json\/wp\/v2\/pages"}],"about":[{"href":"http:\/\/francoisehug.com\/wp\/wp-json\/wp\/v2\/types\/page"}],"author":[{"embeddable":true,"href":"http:\/\/francoisehug.com\/wp\/wp-json\/wp\/v2\/users\/1"}],"replies":[{"embeddable":true,"href":"http:\/\/francoisehug.com\/wp\/wp-json\/wp\/v2\/comments?post=27"}],"version-history":[{"count":7,"href":"http:\/\/francoisehug.com\/wp\/wp-json\/wp\/v2\/pages\/27\/revisions"}],"predecessor-version":[{"id":2559,"href":"http:\/\/francoisehug.com\/wp\/wp-json\/wp\/v2\/pages\/27\/revisions\/2559"}],"wp:featuredmedia":[{"embeddable":true,"href":"http:\/\/francoisehug.com\/wp\/wp-json\/wp\/v2\/media\/595"}],"wp:attachment":[{"href":"http:\/\/francoisehug.com\/wp\/wp-json\/wp\/v2\/media?parent=27"}],"curies":[{"name":"wp","href":"https:\/\/api.w.org\/{rel}","templated":true}]}}