{"id":892,"date":"2020-04-18T13:15:09","date_gmt":"2020-04-18T11:15:09","guid":{"rendered":"http:\/\/francoisehug.com\/wp\/?page_id=892"},"modified":"2020-10-29T08:25:55","modified_gmt":"2020-10-29T07:25:55","slug":"cours-en-ligne","status":"publish","type":"page","link":"https:\/\/francoisehug.com\/wp\/cours-en-ligne\/","title":{"rendered":"Cours en vid\u00e9os (mot de passe donn\u00e9 par Fran\u00e7oise Hug)"},"content":{"rendered":"","protected":true},"excerpt":{"rendered":"","protected":true},"author":1,"featured_media":0,"parent":0,"menu_order":0,"comment_status":"open","ping_status":"open","template":"","meta":{"_links_to":"","_links_to_target":""},"_links":{"self":[{"href":"https:\/\/francoisehug.com\/wp\/wp-json\/wp\/v2\/pages\/892"}],"collection":[{"href":"https:\/\/francoisehug.com\/wp\/wp-json\/wp\/v2\/pages"}],"about":[{"href":"https:\/\/francoisehug.com\/wp\/wp-json\/wp\/v2\/types\/page"}],"author":[{"embeddable":true,"href":"https:\/\/francoisehug.com\/wp\/wp-json\/wp\/v2\/users\/1"}],"replies":[{"embeddable":true,"href":"https:\/\/francoisehug.com\/wp\/wp-json\/wp\/v2\/comments?post=892"}],"version-history":[{"count":7,"href":"https:\/\/francoisehug.com\/wp\/wp-json\/wp\/v2\/pages\/892\/revisions"}],"predecessor-version":[{"id":991,"href":"https:\/\/francoisehug.com\/wp\/wp-json\/wp\/v2\/pages\/892\/revisions\/991"}],"wp:attachment":[{"href":"https:\/\/francoisehug.com\/wp\/wp-json\/wp\/v2\/media?parent=892"}],"curies":[{"name":"wp","href":"https:\/\/api.w.org\/{rel}","templated":true}]}}